{"id":384,"date":"2023-07-27T14:16:25","date_gmt":"2023-07-27T11:16:25","guid":{"rendered":"https:\/\/www.cottonfabric.com.tr\/?page_id=384"},"modified":"2023-07-27T16:14:35","modified_gmt":"2023-07-27T13:14:35","slug":"our-values","status":"publish","type":"page","link":"https:\/\/www.cottonfabric.com.tr\/tr_tr\/our-values\/","title":{"rendered":"De\u011ferlerimiz"},"content":{"rendered":"<div data-elementor-type=\"wp-page\" data-elementor-id=\"384\" class=\"elementor elementor-384\">\n\t\t\t\t\t\t\t\t\t<section class=\"elementor-section elementor-top-section elementor-element elementor-element-c0af52 elementor-section-boxed elementor-section-height-default elementor-section-height-default\" data-id=\"c0af52\" data-element_type=\"section\">\n\t\t\t\t\t\t<div class=\"elementor-container elementor-column-gap-no\">\n\t\t\t\t\t<div class=\"elementor-column elementor-col-100 elementor-top-column elementor-element elementor-element-68b0df25\" data-id=\"68b0df25\" data-element_type=\"column\">\n\t\t\t<div class=\"elementor-widget-wrap elementor-element-populated\">\n\t\t\t\t\t\t\t\t<div class=\"elementor-element elementor-element-66660cc5 elementor-widget elementor-widget-ld_button\" data-id=\"66660cc5\" data-element_type=\"widget\" data-widget_type=\"ld_button.default\">\n\t\t\t\t<div class=\"elementor-widget-container\">\n\t\t\t\n\t\t\t<a\n\t\t\t\thref=\"https:\/\/www.cottonfabric.com.tr\/\"class=\"elementor-button btn btn-naked btn-icon-right btn-hover-reveal btn-has-label\"\t\t\t>\n\t\t\t\t\t\t\t\t\t<span data-text=\"\u2014 HOME PAGE\" class=\"btn-txt\">\n\t\t\t\t\t\t\u2014 ANA SAYFA\t\t\t\t\t<\/span>\n\t\t\t\t\t\t\t\t\t\t\t\t\t\t<span class=\"btn-icon\">\n\t\t\t\t\t\t\t<i aria-hidden=\"true\" class=\"lqd-icn-ess icon-md-arrow-forward\"><\/i>\t\t\t\t\t\t<\/span>\n\t\t\t\t\t\t\t\t\t<\/a>\n\t\t\t\t\t<\/div>\n\t\t\t\t<\/div>\n\t\t\t\t<div data-custom-animations=\"true\" data-ca-options=\"{&quot;addChildTimelines&quot;:false,&quot;animationTarget&quot;:&quot;:scope &gt; .elementor-widget-container&quot;,&quot;duration&quot;:1800,&quot;delay&quot;:80,&quot;ease&quot;:[&quot;power4.out&quot;],&quot;initValues&quot;:{&quot;opacity&quot;:0},&quot;animations&quot;:{&quot;opacity&quot;:1}}\" class=\"elementor-element elementor-element-5f99fa95 elementor-widget elementor-widget-hub_fancy_heading\" data-id=\"5f99fa95\" data-element_type=\"widget\" data-widget_type=\"hub_fancy_heading.default\">\n\t\t\t\t<div class=\"elementor-widget-container\">\n\t\t\t\n\t\t<div id=\"ld-fancy-heading-69f70e04ba97a\" class=\"ld-fancy-heading pos-rel\">\n\t\t\t<h2 class=\"ld-fh-element d-inline-block pos-rel  elementor-heading-title lqd-highlight-classic lqd-highlight-grow-left h2\"  > De\u011ferlerimiz<\/h2>\t\t<\/div>\n\n\t\t\t\t<\/div>\n\t\t\t\t<\/div>\n\t\t\t\t\t<\/div>\n\t\t<\/div>\n\t\t\t\t\t\t\t<\/div>\n\t\t<\/section>\n\t\t\t\t<section class=\"elementor-section elementor-top-section elementor-element elementor-element-5ea09c1b elementor-section-boxed elementor-section-height-default elementor-section-height-default\" data-id=\"5ea09c1b\" data-element_type=\"section\">\n\t\t\t\t\t\t<div class=\"elementor-container elementor-column-gap-default\">\n\t\t\t\t\t<div class=\"lqd-css-sticky-column elementor-column elementor-col-33 elementor-top-column elementor-element elementor-element-31ae0d6e\" style=\"--lqd-sticky-offset:30px\" data-id=\"31ae0d6e\" data-element_type=\"column\">\n\t\t\t<div class=\"elementor-widget-wrap elementor-element-populated\">\n\t\t\t\t\t\t\t\t<div class=\"elementor-element elementor-element-37e61f90 elementor-widget elementor-widget-hub_fancy_heading\" data-id=\"37e61f90\" data-element_type=\"widget\" data-widget_type=\"hub_fancy_heading.default\">\n\t\t\t\t<div class=\"elementor-widget-container\">\n\t\t\t\n\t\t<div id=\"ld-fancy-heading-69f70e04bc29c\" class=\"ld-fancy-heading pos-rel\">\n\t\t\t<h6 class=\"ld-fh-element d-inline-block pos-rel  elementor-heading-title lqd-highlight-classic lqd-highlight-grow-left h6\"  > KURUMSAL<\/h6>\t\t<\/div>\n\n\t\t\t\t<\/div>\n\t\t\t\t<\/div>\n\t\t\t\t<div class=\"elementor-element elementor-element-57f4ace elementor-widget elementor-widget-ld_custom_menu\" data-id=\"57f4ace\" data-element_type=\"widget\" data-widget_type=\"ld_custom_menu.default\">\n\t\t\t\t<div class=\"elementor-widget-container\">\n\t\t\t\n\t\t\t<div  \n\t\t\t\tclass=\"lqd-fancy-menu lqd-custom-menu pos-rel lqd-menu-td-none\"\n\t\t\t\t\t\t\t>\n\t\t\t\n\t\t\t\t\t\t\t<ul class=\"reset-ul\" id=\"57f4ace\"  data-localscroll=\"true\" data-localscroll-options=\"{&quot;itemsSelector&quot;:&quot;&gt; li &gt; a&quot;,&quot;trackWindowScroll&quot;:true,&quot;includeParentAsOffset&quot;:false,&quot;offsetElements&quot;:&quot;[data-sticky-header] .lqd-head-sec-wrap:not(.lqd-hide-onstuck), #wpadminbar, body.elementor-page .main-header[data-sticky-header] &gt; .elementor &gt; .elementor-section-wrap &gt; .elementor-section:not(.lqd-hide-onstuck):not(.lqd-stickybar-wrap), body.elementor-page .main-header[data-sticky-header] &gt; .elementor &gt; .elementor-section:not(.lqd-hide-onstuck):not(.lqd-stickybar-wrap)&quot;}\">\n\t\t\t\t\n\t\t\t\t\t\t<li>\n\t\t\t\t\t\t\t<a  href=\"\/about-us\" target=\"_self\" > \n\n\t\t\t\t\t\t\t\t\t\t\t\t\t\t\t\t\t<span class=\"link-icon d-inline-flex hide-if-empty right-icon icon-push-to-edge\"><i aria-hidden=\"true\" class=\"lqd-icn-ess icon-ion-ios-arrow-forward\"><\/i><\/span>\t\n\t\t\t\t\t\t\t\t\n\t\t\t\t\t\t\t\t\t\t\t\t\t\t\t\t\tHakk\u0131m\u0131zda  \n\t\t\t\t\t\t\t\t\t\t\t\t\t\t\t\t\t\t\t\t\t\t\t<\/a>\n\t\t\t\t\t\t\t\t\t\t\t\t\t<\/li>\n\n\t\t\t\t\t\t\n\t\t\t\t\t\t<li>\n\t\t\t\t\t\t\t<a  href=\"\/our-values\" target=\"_self\" > \n\n\t\t\t\t\t\t\t\t\t\t\t\t\t\t\t\t\t<span class=\"link-icon d-inline-flex hide-if-empty right-icon icon-push-to-edge\"><i aria-hidden=\"true\" class=\"lqd-icn-ess icon-ion-ios-arrow-forward\"><\/i><\/span>\t\n\t\t\t\t\t\t\t\t\n\t\t\t\t\t\t\t\t\t\t\t\t\t\t\t\t\tDe\u011ferlerimiz  \n\t\t\t\t\t\t\t\t\t\t\t\t\t\t\t\t\t\t\t\t\t\t\t<\/a>\n\t\t\t\t\t\t\t\t\t\t\t\t\t<\/li>\n\n\t\t\t\t\t\t\n\t\t\t\t\t\t<li>\n\t\t\t\t\t\t\t<a  href=\"\/quality-policy\" target=\"_self\" > \n\n\t\t\t\t\t\t\t\t\t\t\t\t\t\t\t\t\t<span class=\"link-icon d-inline-flex hide-if-empty right-icon icon-push-to-edge\"><i aria-hidden=\"true\" class=\"lqd-icn-ess icon-ion-ios-arrow-forward\"><\/i><\/span>\t\n\t\t\t\t\t\t\t\t\n\t\t\t\t\t\t\t\t\t\t\t\t\t\t\t\t\tKalite Politikam\u0131z  \n\t\t\t\t\t\t\t\t\t\t\t\t\t\t\t\t\t\t\t\t\t\t\t<\/a>\n\t\t\t\t\t\t\t\t\t\t\t\t\t<\/li>\n\n\t\t\t\t\t\t\n\t\t\t\t\t\t<li>\n\t\t\t\t\t\t\t<a  href=\"\/our-certificates\" target=\"_self\" > \n\n\t\t\t\t\t\t\t\t\t\t\t\t\t\t\t\t\t<span class=\"link-icon d-inline-flex hide-if-empty right-icon icon-push-to-edge\"><i aria-hidden=\"true\" class=\"lqd-icn-ess icon-ion-ios-arrow-forward\"><\/i><\/span>\t\n\t\t\t\t\t\t\t\t\n\t\t\t\t\t\t\t\t\t\t\t\t\t\t\t\t\tSertifikalar\u0131m\u0131z  \n\t\t\t\t\t\t\t\t\t\t\t\t\t\t\t\t\t\t\t\t\t\t\t<\/a>\n\t\t\t\t\t\t\t\t\t\t\t\t\t<\/li>\n\n\t\t\t\t\t\t\n\t\t\t\t\t\t<li>\n\t\t\t\t\t\t\t<a  href=\"\/references\" target=\"_self\" > \n\n\t\t\t\t\t\t\t\t\t\t\t\t\t\t\t\t\t<span class=\"link-icon d-inline-flex hide-if-empty right-icon icon-push-to-edge\"><i aria-hidden=\"true\" class=\"lqd-icn-ess icon-ion-ios-arrow-forward\"><\/i><\/span>\t\n\t\t\t\t\t\t\t\t\n\t\t\t\t\t\t\t\t\t\t\t\t\t\t\t\t\tReferanslar  \n\t\t\t\t\t\t\t\t\t\t\t\t\t\t\t\t\t\t\t\t\t\t\t<\/a>\n\t\t\t\t\t\t\t\t\t\t\t\t\t<\/li>\n\n\t\t\t\t\t\t\n\t\t\t\t\t\t<li>\n\t\t\t\t\t\t\t<a  href=\"\/sustainability\" target=\"_self\" > \n\n\t\t\t\t\t\t\t\t\t\t\t\t\t\t\t\t\t<span class=\"link-icon d-inline-flex hide-if-empty right-icon icon-push-to-edge\"><i aria-hidden=\"true\" class=\"lqd-icn-ess icon-ion-ios-arrow-forward\"><\/i><\/span>\t\n\t\t\t\t\t\t\t\t\n\t\t\t\t\t\t\t\t\t\t\t\t\t\t\t\t\tS\u00fcrd\u00fcr\u00fclebilirlik  \n\t\t\t\t\t\t\t\t\t\t\t\t\t\t\t\t\t\t\t\t\t\t\t<\/a>\n\t\t\t\t\t\t\t\t\t\t\t\t\t<\/li>\n\n\t\t\t\t\t\t\t\t\t\t<\/ul>\n\t\t\t\t\t\t\t\t\t<\/div>\n\t\t\t\t<\/div>\n\t\t\t\t<\/div>\n\t\t\t\t\t<\/div>\n\t\t<\/div>\n\t\t\t\t<div class=\"elementor-column elementor-col-66 elementor-top-column elementor-element elementor-element-3fd11f9d\" data-id=\"3fd11f9d\" data-element_type=\"column\">\n\t\t\t<div class=\"elementor-widget-wrap elementor-element-populated\">\n\t\t\t\t\t\t\t\t<div class=\"elementor-element elementor-element-459b707 elementor-widget elementor-widget-text-editor\" data-id=\"459b707\" data-element_type=\"widget\" data-widget_type=\"text-editor.default\">\n\t\t\t\t<div class=\"elementor-widget-container\">\n\t\t\t<style>\/*! elementor - v3.15.0 - 09-08-2023 *\/\n.elementor-widget-text-editor.elementor-drop-cap-view-stacked .elementor-drop-cap{background-color:#69727d;color:#fff}.elementor-widget-text-editor.elementor-drop-cap-view-framed .elementor-drop-cap{color:#69727d;border:3px solid;background-color:transparent}.elementor-widget-text-editor:not(.elementor-drop-cap-view-default) .elementor-drop-cap{margin-top:8px}.elementor-widget-text-editor:not(.elementor-drop-cap-view-default) .elementor-drop-cap-letter{width:1em;height:1em}.elementor-widget-text-editor .elementor-drop-cap{float:left;text-align:center;line-height:1;font-size:50px}.elementor-widget-text-editor .elementor-drop-cap-letter{display:inline-block}<\/style>\t\t\t\t<p class=\" translation-block\">Kaliteli \u00fcretim yapmak , iyi ve do\u011fru ileti\u015fim de\u011ferlerimizin temelini olu\u015fturmaktad\u0131r.<br>\nSipari\u015fleri \u015fartnamelere uygun \u015fekilde zaman\u0131nda bitirmek ve teslim etmek,<br>\n\u00dcr\u00fcnlerimizle m\u00fc\u015fteri beklentilerini a\u015fan hizmetler sunmak,<br>\nKarl\u0131l\u0131\u011f\u0131m\u0131z\u0131 y\u00fckseltmek ve bunu hem \u00e7al\u0131\u015fanlar\u0131m\u0131za hem i\u015f partnerlerimize yans\u0131tmak,<br>\nKalite sisteminin etkinli\u011fini sa\u011flarken beraberinde i\u015f verimlili\u011fini de artt\u0131rmak \u00c7\u0131kabilecek sorunlar\u0131n \u00e7\u00f6z\u00fcm\u00fcnde sistematik yakla\u015f\u0131mlar ve metotlar uygularken problemler olu\u015fmadan tedbir alma al\u0131\u015fkanl\u0131\u011f\u0131n\u0131 edinmek ve bunun devam\u0131n\u0131 sa\u011flamak,<br>\nSekt\u00f6rdeki yenilikleri yak\u0131ndan takip ederek sistemlerimize entegre etmek,<br>\n\u00c7evreye duyarl\u0131 tercihlerle gelecek nesillere olan emanetimizi korumak,<br>\nHizmet sundu\u011fumuz ilk andan son ana kadar m\u00fc\u015fteri memnuniyetini \u00fcste seviyede tutmakt\u0131r.<\/p>\t\t\t\t\t\t<\/div>\n\t\t\t\t<\/div>\n\t\t\t\t\t<\/div>\n\t\t<\/div>\n\t\t\t\t\t\t\t<\/div>\n\t\t<\/section>\n\t\t\t\t\t\t\t<\/div>","protected":false},"excerpt":{"rendered":"<p>\u2014 HOME PAGE Our Values CORPORATE About Us Our Values Quality Policy Our Certificates References Sustainability As a company policy, we believe in living and practicing international approved business ethics and norms that distinguish cotton fabric from its counterparts. Value &#8211; honesty, integrity, Passion, Creativity and Teamwork besides ethical approach in engagements with all connected [&hellip;]<\/p>","protected":false},"author":1,"featured_media":0,"parent":0,"menu_order":0,"comment_status":"closed","ping_status":"closed","template":"","meta":{"footnotes":""},"class_list":["post-384","page","type-page","status-publish","hentry"],"_links":{"self":[{"href":"https:\/\/www.cottonfabric.com.tr\/tr_tr\/wp-json\/wp\/v2\/pages\/384","targetHints":{"allow":["GET"]}}],"collection":[{"href":"https:\/\/www.cottonfabric.com.tr\/tr_tr\/wp-json\/wp\/v2\/pages"}],"about":[{"href":"https:\/\/www.cottonfabric.com.tr\/tr_tr\/wp-json\/wp\/v2\/types\/page"}],"author":[{"embeddable":true,"href":"https:\/\/www.cottonfabric.com.tr\/tr_tr\/wp-json\/wp\/v2\/users\/1"}],"replies":[{"embeddable":true,"href":"https:\/\/www.cottonfabric.com.tr\/tr_tr\/wp-json\/wp\/v2\/comments?post=384"}],"version-history":[{"count":13,"href":"https:\/\/www.cottonfabric.com.tr\/tr_tr\/wp-json\/wp\/v2\/pages\/384\/revisions"}],"predecessor-version":[{"id":441,"href":"https:\/\/www.cottonfabric.com.tr\/tr_tr\/wp-json\/wp\/v2\/pages\/384\/revisions\/441"}],"wp:attachment":[{"href":"https:\/\/www.cottonfabric.com.tr\/tr_tr\/wp-json\/wp\/v2\/media?parent=384"}],"curies":[{"name":"wp","href":"https:\/\/api.w.org\/{rel}","templated":true}]}}